{"id":7692,"date":"2022-10-19T18:43:41","date_gmt":"2022-10-19T15:43:41","guid":{"rendered":"https:\/\/oztunadtm.com\/?post_type=product&#038;p=7692"},"modified":"2022-10-20T14:17:06","modified_gmt":"2022-10-20T11:17:06","slug":"utuler-icin-taban-korumasi-store-protect","status":"publish","type":"product","link":"https:\/\/oztunadtm.com\/index.php\/urun\/utuler-icin-taban-korumasi-store-protect\/","title":{"rendered":"\u00dct\u00fcler i\u00e7in Taban Korumas\u0131 Store Protect"},"content":{"rendered":"<p>[vc_row][vc_column width=&#8221;1\/2&#8243;][vc_column_text woodmart_inline=&#8221;no&#8221; text_larger=&#8221;no&#8221;]<\/p>\n<div class=\"technical-info-item js-technical-info-item\">\n<div class=\"technical-info-item js-technical-info-item\">\n<div class=\"m-overviewtile overview-content\" data-t-name=\"Overviewtile\" data-t-id=\"84\">\n<div class=\"content\">\n<div class=\"technical-info-item js-technical-info-item\">\n<div class=\"technical-info-item js-technical-info-item\">\n<div class=\"m-overviewtile overview-content\" data-t-name=\"Overviewtile\" data-t-id=\"125\">\n<div class=\"content\">\n<div class=\"technical-info-item js-technical-info-item\">\n<div class=\"m-overviewtile overview-content\" data-t-name=\"Overviewtile\" data-t-id=\"69\">\n<div class=\"content\">\n<p>\u00dct\u00fc taban\u0131 s\u0131cak olsa bile\u00fct\u00fcn\u00fcn hemen ve g\u00fcvenli bir\u015fekilde saklanmas\u0131na imkantan\u0131r.<\/p>\n<\/div>\n<\/div>\n<\/div>\n<\/div>\n<\/div>\n<\/div>\n<\/div>\n<\/div>\n<\/div>\n<\/div>\n<\/div>\n<p>[\/vc_column_text][\/vc_column][vc_column width=&#8221;1\/2&#8243;][vc_column_text woodmart_inline=&#8221;no&#8221; text_larger=&#8221;no&#8221;]<\/p>\n<div class=\"technical-info-item js-technical-info-item\">\n<div class=\"technical-info-item js-technical-info-item\">\n<div class=\"technical-info-item js-technical-info-item\">\n<div class=\"technical-info-item js-technical-info-item\">\n<div class=\"technical-info-item js-technical-info-item\">\n<div class=\"technical-info-item js-technical-info-item\">\n<div class=\"m-overviewtile overview-content\" data-t-name=\"Overviewtile\" data-t-id=\"84\">\n<div class=\"content\">\n<div class=\"technical-info-item js-technical-info-item\">\n<div class=\"technical-info-item js-technical-info-item\">\n<div class=\"m-overviewtile overview-content\" data-t-name=\"Overviewtile\" data-t-id=\"84\">\n<div class=\"content\">\n<div class=\"technical-info-item js-technical-info-item\">\n<div class=\"technical-info-item js-technical-info-item\">\n<div class=\"technical-info-item js-technical-info-item\">\n<div class=\"technical-info-item js-technical-info-item\">\n<div class=\"m-overviewtile overview-content\" data-t-name=\"Overviewtile\" data-t-id=\"84\">\n<div class=\"content\">\n<div class=\"technical-info-item js-technical-info-item\">\n<div class=\"technical-info-item js-technical-info-item\">\n<div class=\"m-overviewtile overview-content\" data-t-name=\"Overviewtile\" data-t-id=\"125\">\n<div class=\"content\">\n<div class=\"technical-info-item js-technical-info-item\">\n<div class=\"technical-info-item js-technical-info-item\">\n<div class=\"m-overviewtile overview-content\" data-t-name=\"Overviewtile\" data-t-id=\"84\">\n<div class=\"content\">\n<div class=\"technical-info-item js-technical-info-item\">\n<div class=\"technical-info-item js-technical-info-item\">\n<div class=\"m-overviewtile overview-content\" data-t-name=\"Overviewtile\" data-t-id=\"125\">\n<div class=\"content\">\n<div class=\"technical-info-item js-technical-info-item\">\n<div class=\"technical-info-item js-technical-info-item\">\n<div class=\"technical-info-item js-technical-info-item\">\n<div class=\"m-overviewtile overview-content\" data-t-name=\"Overviewtile\" data-t-id=\"84\">\n<div class=\"content\">\n<div class=\"technical-info-item js-technical-info-item\">\n<div class=\"technical-info-item js-technical-info-item\">\n<div class=\"m-overviewtile overview-content\" data-t-name=\"Overviewtile\" data-t-id=\"125\">\n<div class=\"content\">\n<div class=\"technical-info-item js-technical-info-item\">\n<div class=\"m-overviewtile overview-content\" data-t-name=\"Overviewtile\" data-t-id=\"69\">\n<div class=\"content\">\n<p>Uyumlu oldu\u011fu modeller: TDA70.., TDA50.., TDI90..<\/p>\n<\/div>\n<\/div>\n<\/div>\n<\/div>\n<\/div>\n<\/div>\n<\/div>\n<\/div>\n<\/div>\n<\/div>\n<\/div>\n<\/div>\n<\/div>\n<\/div>\n<\/div>\n<\/div>\n<\/div>\n<\/div>\n<\/div>\n<\/div>\n<\/div>\n<\/div>\n<\/div>\n<\/div>\n<\/div>\n<\/div>\n<\/div>\n<\/div>\n<\/div>\n<\/div>\n<\/div>\n<\/div>\n<\/div>\n<\/div>\n<\/div>\n<\/div>\n<\/div>\n<\/div>\n<\/div>\n<\/div>\n<\/div>\n<\/div>\n<p>[\/vc_column_text][\/vc_column][\/vc_row]<\/p>\n","protected":false},"excerpt":{"rendered":"<p>[vc_row][vc_column width=&#8221;1\/2&#8243;][vc_column_text woodmart_inline=&#8221;no&#8221; text_larger=&#8221;no&#8221;] \u00dct\u00fc taban\u0131 s\u0131cak olsa bile\u00fct\u00fcn\u00fcn hemen ve g\u00fcvenli bir\u015fekilde saklanmas\u0131na imkantan\u0131r. [\/vc_column_text][\/vc_column][vc_column width=&#8221;1\/2&#8243;][vc_column_text woodmart_inline=&#8221;no&#8221; text_larger=&#8221;no&#8221;] Uyumlu<\/p>\n","protected":false},"featured_media":7693,"comment_status":"open","ping_status":"closed","template":"","meta":[],"product_brand":[],"product_cat":[126],"product_tag":[149,171],"class_list":{"0":"post-7692","1":"product","2":"type-product","3":"status-publish","4":"has-post-thumbnail","6":"product_cat-utuler","7":"product_tag-bosch","8":"product_tag-utu-taban-korumasi","10":"first","11":"instock","12":"taxable","13":"shipping-taxable","14":"purchasable","15":"product-type-simple"},"_links":{"self":[{"href":"https:\/\/oztunadtm.com\/index.php\/wp-json\/wp\/v2\/product\/7692","targetHints":{"allow":["GET"]}}],"collection":[{"href":"https:\/\/oztunadtm.com\/index.php\/wp-json\/wp\/v2\/product"}],"about":[{"href":"https:\/\/oztunadtm.com\/index.php\/wp-json\/wp\/v2\/types\/product"}],"replies":[{"embeddable":true,"href":"https:\/\/oztunadtm.com\/index.php\/wp-json\/wp\/v2\/comments?post=7692"}],"wp:featuredmedia":[{"embeddable":true,"href":"https:\/\/oztunadtm.com\/index.php\/wp-json\/wp\/v2\/media\/7693"}],"wp:attachment":[{"href":"https:\/\/oztunadtm.com\/index.php\/wp-json\/wp\/v2\/media?parent=7692"}],"wp:term":[{"taxonomy":"product_brand","embeddable":true,"href":"https:\/\/oztunadtm.com\/index.php\/wp-json\/wp\/v2\/product_brand?post=7692"},{"taxonomy":"product_cat","embeddable":true,"href":"https:\/\/oztunadtm.com\/index.php\/wp-json\/wp\/v2\/product_cat?post=7692"},{"taxonomy":"product_tag","embeddable":true,"href":"https:\/\/oztunadtm.com\/index.php\/wp-json\/wp\/v2\/product_tag?post=7692"}],"curies":[{"name":"wp","href":"https:\/\/api.w.org\/{rel}","templated":true}]}}