{"id":7684,"date":"2022-10-19T17:52:49","date_gmt":"2022-10-19T14:52:49","guid":{"rendered":"https:\/\/oztunadtm.com\/?post_type=product&#038;p=7684"},"modified":"2025-11-19T02:37:52","modified_gmt":"2025-11-18T23:37:52","slug":"bosch-oyuncak-mutfak-set-ocak-firin-aspirator-sesli","status":"publish","type":"product","link":"https:\/\/oztunadtm.com\/index.php\/urun\/bosch-oyuncak-mutfak-set-ocak-firin-aspirator-sesli\/","title":{"rendered":"Bosch Oyuncak Mutfak Set Ocak\/F\u0131r\u0131n\/Aspirat\u00f6r Sesli"},"content":{"rendered":"<p>[vc_row][vc_column width=&#8221;1\/2&#8243;][vc_column_text woodmart_inline=&#8221;no&#8221; text_larger=&#8221;no&#8221;]<\/p>\n<div class=\"technical-info-item js-technical-info-item\">\n<div class=\"technical-info-item js-technical-info-item\">\n<div class=\"m-overviewtile overview-content\" data-t-name=\"Overviewtile\" data-t-id=\"84\">\n<div class=\"content\">\n<div class=\"technical-info-item js-technical-info-item\">\n<div class=\"technical-info-item js-technical-info-item\">\n<div class=\"m-overviewtile overview-content\" data-t-name=\"Overviewtile\" data-t-id=\"125\">\n<div class=\"content\">\n<div class=\"technical-info-item js-technical-info-item\">\n<div class=\"m-overviewtile overview-content\" data-t-name=\"Overviewtile\" data-t-id=\"69\">\n<div class=\"content\">\n<ul>\n<li>\u00dcr\u00fcn sesli ve elektroniktir. \u00dcr\u00fcn\u00fcn i\u00e7inde iki tarafl\u0131, elektronik pi\u015firme sesi ve plakalar, mutfak e\u015fyalar\u0131, tencere ve tava dahil \u00e7e\u015fitli aksesuarlar bulunmaktad\u0131r.<\/li>\n<li>B\u00f6yle ger\u00e7ek\u00e7i bir oyunca\u011f\u0131n yard\u0131m\u0131yla \u00e7ocu\u011funuz ebeveynleri gibi &#8220;yemek&#8221; yapabilecek ve \u00e7ocukluktan itibaren daha ba\u011f\u0131ms\u0131z olmay\u0131 \u00f6\u011frenecek.<\/li>\n<li>\u00c7ocuklar orijinal Bosch tasar\u0131mlar\u0131n\u0131 modellendiren unsurlara sahip olan bu b\u00fcy\u00fck oyuncak Bosch Mutfak Seti ile\u00a0en sevdikleri yemekleri haz\u0131rlamaktan ve sunmaktan keyif alacaklar.<\/li>\n<\/ul>\n<p>&nbsp;<\/p>\n<\/div>\n<\/div>\n<\/div>\n<\/div>\n<\/div>\n<\/div>\n<\/div>\n<\/div>\n<\/div>\n<\/div>\n<\/div>\n<p>[\/vc_column_text][\/vc_column][vc_column width=&#8221;1\/2&#8243;][vc_column_text woodmart_inline=&#8221;no&#8221; text_larger=&#8221;no&#8221;]<\/p>\n<div class=\"technical-info-item js-technical-info-item\">\n<div class=\"technical-info-item js-technical-info-item\">\n<div class=\"technical-info-item js-technical-info-item\">\n<div class=\"technical-info-item js-technical-info-item\">\n<div class=\"technical-info-item js-technical-info-item\">\n<div class=\"technical-info-item js-technical-info-item\">\n<div class=\"m-overviewtile overview-content\" data-t-name=\"Overviewtile\" data-t-id=\"84\">\n<div class=\"content\">\n<div class=\"technical-info-item js-technical-info-item\">\n<div class=\"technical-info-item js-technical-info-item\">\n<div class=\"m-overviewtile overview-content\" data-t-name=\"Overviewtile\" data-t-id=\"84\">\n<div class=\"content\">\n<div class=\"technical-info-item js-technical-info-item\">\n<div class=\"technical-info-item js-technical-info-item\">\n<div class=\"technical-info-item js-technical-info-item\">\n<div class=\"technical-info-item js-technical-info-item\">\n<div class=\"m-overviewtile overview-content\" data-t-name=\"Overviewtile\" data-t-id=\"84\">\n<div class=\"content\">\n<div class=\"technical-info-item js-technical-info-item\">\n<div class=\"technical-info-item js-technical-info-item\">\n<div class=\"m-overviewtile overview-content\" data-t-name=\"Overviewtile\" data-t-id=\"125\">\n<div class=\"content\">\n<div class=\"technical-info-item js-technical-info-item\">\n<div class=\"technical-info-item js-technical-info-item\">\n<div class=\"m-overviewtile overview-content\" data-t-name=\"Overviewtile\" data-t-id=\"84\">\n<div class=\"content\">\n<div class=\"technical-info-item js-technical-info-item\">\n<div class=\"technical-info-item js-technical-info-item\">\n<div class=\"m-overviewtile overview-content\" data-t-name=\"Overviewtile\" data-t-id=\"125\">\n<div class=\"content\">\n<div class=\"technical-info-item js-technical-info-item\">\n<div class=\"technical-info-item js-technical-info-item\">\n<div class=\"technical-info-item js-technical-info-item\">\n<div class=\"m-overviewtile overview-content\" data-t-name=\"Overviewtile\" data-t-id=\"84\">\n<div class=\"content\">\n<div class=\"technical-info-item js-technical-info-item\">\n<div class=\"technical-info-item js-technical-info-item\">\n<div class=\"m-overviewtile overview-content\" data-t-name=\"Overviewtile\" data-t-id=\"125\">\n<div class=\"content\">\n<div class=\"technical-info-item js-technical-info-item\">\n<div class=\"m-overviewtile overview-content\" data-t-name=\"Overviewtile\" data-t-id=\"69\">\n<div class=\"content\">\n<ul>\n<li>2 x AAA 1,5V pil ile \u00e7al\u0131\u015fmaktad\u0131r. Piller kutuya dahil de\u011fildir.<\/li>\n<\/ul>\n<ul>\n<li>Kullan\u0131mdan sonra ar\u0131zalanm\u0131\u015f oyuncaklar\u0131n tamirat\u0131 m\u00fcmk\u00fcn de\u011fildir. Kolisi a\u00e7\u0131lm\u0131\u015f ve y\u0131rt\u0131lm\u0131\u015f oyuncaklar\u0131n (kullan\u0131labilir olsa dahil) iadesi al\u0131nmamaktad\u0131r<\/li>\n<\/ul>\n<\/div>\n<\/div>\n<\/div>\n<\/div>\n<\/div>\n<\/div>\n<\/div>\n<\/div>\n<\/div>\n<\/div>\n<\/div>\n<\/div>\n<\/div>\n<\/div>\n<\/div>\n<\/div>\n<\/div>\n<\/div>\n<\/div>\n<\/div>\n<\/div>\n<\/div>\n<\/div>\n<\/div>\n<\/div>\n<\/div>\n<\/div>\n<\/div>\n<\/div>\n<\/div>\n<\/div>\n<\/div>\n<\/div>\n<\/div>\n<\/div>\n<\/div>\n<\/div>\n<\/div>\n<\/div>\n<\/div>\n<\/div>\n<\/div>\n<p>[\/vc_column_text][\/vc_column][\/vc_row]<\/p>\n","protected":false},"excerpt":{"rendered":"<p>\u00dcr\u00fcn sesli ve elektroniktir. \u00dcr\u00fcn\u00fcn i\u00e7inde iki tarafl\u0131, elektronik pi\u015firme sesi ve plakalar, mutfak e\u015fyalar\u0131, tencere ve tava dahil \u00e7e\u015fitli aksesuarlar bulunmaktad\u0131r.<\/p>\n","protected":false},"featured_media":7685,"comment_status":"open","ping_status":"closed","template":"","meta":[],"product_brand":[],"product_cat":[132],"product_tag":[149,170],"class_list":{"0":"post-7684","1":"product","2":"type-product","3":"status-publish","4":"has-post-thumbnail","6":"product_cat-oyuncaklar","7":"product_tag-bosch","8":"product_tag-oyuncak-mutfak-set","10":"first","11":"instock","12":"taxable","13":"shipping-taxable","14":"purchasable","15":"product-type-simple"},"_links":{"self":[{"href":"https:\/\/oztunadtm.com\/index.php\/wp-json\/wp\/v2\/product\/7684","targetHints":{"allow":["GET"]}}],"collection":[{"href":"https:\/\/oztunadtm.com\/index.php\/wp-json\/wp\/v2\/product"}],"about":[{"href":"https:\/\/oztunadtm.com\/index.php\/wp-json\/wp\/v2\/types\/product"}],"replies":[{"embeddable":true,"href":"https:\/\/oztunadtm.com\/index.php\/wp-json\/wp\/v2\/comments?post=7684"}],"wp:featuredmedia":[{"embeddable":true,"href":"https:\/\/oztunadtm.com\/index.php\/wp-json\/wp\/v2\/media\/7685"}],"wp:attachment":[{"href":"https:\/\/oztunadtm.com\/index.php\/wp-json\/wp\/v2\/media?parent=7684"}],"wp:term":[{"taxonomy":"product_brand","embeddable":true,"href":"https:\/\/oztunadtm.com\/index.php\/wp-json\/wp\/v2\/product_brand?post=7684"},{"taxonomy":"product_cat","embeddable":true,"href":"https:\/\/oztunadtm.com\/index.php\/wp-json\/wp\/v2\/product_cat?post=7684"},{"taxonomy":"product_tag","embeddable":true,"href":"https:\/\/oztunadtm.com\/index.php\/wp-json\/wp\/v2\/product_tag?post=7684"}],"curies":[{"name":"wp","href":"https:\/\/api.w.org\/{rel}","templated":true}]}}