{"id":7680,"date":"2022-10-19T17:40:47","date_gmt":"2022-10-19T14:40:47","guid":{"rendered":"https:\/\/oztunadtm.com\/?post_type=product&#038;p=7680"},"modified":"2026-04-02T21:29:51","modified_gmt":"2026-04-02T18:29:51","slug":"kahve-makineleri-icin-su-filtresi","status":"publish","type":"product","link":"https:\/\/oztunadtm.com\/index.php\/urun\/kahve-makineleri-icin-su-filtresi\/","title":{"rendered":"Kahve Makineleri i\u00e7in Su Filtresi"},"content":{"rendered":"<p>[vc_row][vc_column width=&#8221;1\/2&#8243;][vc_column_text woodmart_inline=&#8221;no&#8221; text_larger=&#8221;no&#8221;]<\/p>\n<div class=\"technical-info-item js-technical-info-item\">\n<div class=\"technical-info-item js-technical-info-item\">\n<div class=\"m-overviewtile overview-content\" data-t-name=\"Overviewtile\" data-t-id=\"84\">\n<div class=\"content\">\n<div class=\"technical-info-item js-technical-info-item\">\n<div class=\"technical-info-item js-technical-info-item\">\n<div class=\"m-overviewtile overview-content\" data-t-name=\"Overviewtile\" data-t-id=\"125\">\n<div class=\"content\">\n<div class=\"technical-info-item js-technical-info-item\">\n<div class=\"m-overviewtile overview-content\" data-t-name=\"Overviewtile\" data-t-id=\"69\">\n<div class=\"content\">\n<div class=\"technical-info-item js-technical-info-item\">\n<p class=\"technical-info-item-content js-search-text\">Kahve makineleri i\u00e7in su filtresi kartu\u015fu<\/p>\n<p class=\"technical-info-item-content js-search-text\">Kahvenizin tad\u0131n\u0131 ve aromas\u0131n\u0131 art\u0131r\u0131r.<\/p>\n<p class=\"technical-info-item-content js-search-text\">Cihaz\u0131n\u0131z\u0131 kire\u00e7 giderme program\u0131nda \u00e7al\u0131\u015ft\u0131rmadan \u00f6nce daima filtreyi \u00e7\u0131kar\u0131n ve 50 litre kullan\u0131mdan sonra (400 bardak veya iki ayda bir) de\u011fi\u015ftirin.<\/p>\n<p class=\"technical-info-item-content js-search-text\">Sipari\u015f etmeden \u00f6nce l\u00fctfen cihaz\u0131n\u0131z ile uygunlu\u011funu kontrol edin.<\/p>\n<\/div>\n<\/div>\n<\/div>\n<\/div>\n<\/div>\n<\/div>\n<\/div>\n<\/div>\n<\/div>\n<\/div>\n<\/div>\n<\/div>\n<p>[\/vc_column_text][\/vc_column][vc_column width=&#8221;1\/2&#8243;][vc_column_text woodmart_inline=&#8221;no&#8221; text_larger=&#8221;no&#8221;]<\/p>\n<div class=\"technical-info-item js-technical-info-item\">\n<div class=\"technical-info-item js-technical-info-item\">\n<div class=\"technical-info-item js-technical-info-item\">\n<div class=\"technical-info-item js-technical-info-item\">\n<div class=\"technical-info-item js-technical-info-item\">\n<div class=\"technical-info-item js-technical-info-item\">\n<div class=\"m-overviewtile overview-content\" data-t-name=\"Overviewtile\" data-t-id=\"84\">\n<div class=\"content\">\n<div class=\"technical-info-item js-technical-info-item\">\n<div class=\"technical-info-item js-technical-info-item\">\n<div class=\"m-overviewtile overview-content\" data-t-name=\"Overviewtile\" data-t-id=\"84\">\n<div class=\"content\">\n<div class=\"technical-info-item js-technical-info-item\">\n<div class=\"technical-info-item js-technical-info-item\">\n<div class=\"technical-info-item js-technical-info-item\">\n<div class=\"technical-info-item js-technical-info-item\">\n<div class=\"m-overviewtile overview-content\" data-t-name=\"Overviewtile\" data-t-id=\"84\">\n<div class=\"content\">\n<div class=\"technical-info-item js-technical-info-item\">\n<div class=\"technical-info-item js-technical-info-item\">\n<div class=\"m-overviewtile overview-content\" data-t-name=\"Overviewtile\" data-t-id=\"125\">\n<div class=\"content\">\n<div class=\"technical-info-item js-technical-info-item\">\n<div class=\"technical-info-item js-technical-info-item\">\n<div class=\"m-overviewtile overview-content\" data-t-name=\"Overviewtile\" data-t-id=\"84\">\n<div class=\"content\">\n<div class=\"technical-info-item js-technical-info-item\">\n<div class=\"technical-info-item js-technical-info-item\">\n<div class=\"m-overviewtile overview-content\" data-t-name=\"Overviewtile\" data-t-id=\"125\">\n<div class=\"content\">\n<div class=\"technical-info-item js-technical-info-item\">\n<div class=\"technical-info-item js-technical-info-item\">\n<div class=\"technical-info-item js-technical-info-item\">\n<div class=\"m-overviewtile overview-content\" data-t-name=\"Overviewtile\" data-t-id=\"84\">\n<div class=\"content\">\n<div class=\"technical-info-item js-technical-info-item\">\n<div class=\"technical-info-item js-technical-info-item\">\n<div class=\"m-overviewtile overview-content\" data-t-name=\"Overviewtile\" data-t-id=\"125\">\n<div class=\"content\">\n<div class=\"technical-info-item js-technical-info-item\">\n<div class=\"m-overviewtile overview-content\" data-t-name=\"Overviewtile\" data-t-id=\"69\">\n<div class=\"content\">\n<div class=\"technical-info-item js-technical-info-item\"><\/div>\n<div class=\"technical-info-item js-technical-info-item\">\n<p class=\"technical-info-item-content js-search-text\">Cihaz\u0131n\u0131 kire\u00e7 kal\u0131nt\u0131lar\u0131ndan, klor, kur\u015fun ve bak\u0131rdan korur.<\/p>\n<p class=\"technical-info-item-content js-search-text\">Su sertli\u011fine g\u00f6re ayarlanabilir.<\/p>\n<p class=\"technical-info-item-content js-search-text\">Cihazlar\u0131m\u0131z i\u00e7in test edilmi\u015f ve onaylanm\u0131\u015f aksesuard\u0131r.<\/p>\n<\/div>\n<\/div>\n<\/div>\n<\/div>\n<\/div>\n<\/div>\n<\/div>\n<\/div>\n<\/div>\n<\/div>\n<\/div>\n<\/div>\n<\/div>\n<\/div>\n<\/div>\n<\/div>\n<\/div>\n<\/div>\n<\/div>\n<\/div>\n<\/div>\n<\/div>\n<\/div>\n<\/div>\n<\/div>\n<\/div>\n<\/div>\n<\/div>\n<\/div>\n<\/div>\n<\/div>\n<\/div>\n<\/div>\n<\/div>\n<\/div>\n<\/div>\n<\/div>\n<\/div>\n<\/div>\n<\/div>\n<\/div>\n<\/div>\n<\/div>\n<p>[\/vc_column_text][\/vc_column][\/vc_row]<\/p>\n","protected":false},"excerpt":{"rendered":"<p>[vc_row][vc_column width=&#8221;1\/2&#8243;][vc_column_text woodmart_inline=&#8221;no&#8221; text_larger=&#8221;no&#8221;] Kahve makineleri i\u00e7in su filtresi kartu\u015fu Kahvenizin tad\u0131n\u0131 ve aromas\u0131n\u0131 art\u0131r\u0131r. Cihaz\u0131n\u0131z\u0131 kire\u00e7 giderme program\u0131nda \u00e7al\u0131\u015ft\u0131rmadan<\/p>\n","protected":false},"featured_media":7682,"comment_status":"open","ping_status":"closed","template":"","meta":[],"product_brand":[],"product_cat":[131],"product_tag":[149,169,168,167],"class_list":{"0":"post-7680","1":"product","2":"type-product","3":"status-publish","4":"has-post-thumbnail","6":"product_cat-toz-torbalari-aksesuarlar-temizlik-ve-bakim-urunleri","7":"product_tag-bosch","8":"product_tag-brita","9":"product_tag-siemens","10":"product_tag-su-filtresi","12":"first","13":"instock","14":"taxable","15":"shipping-taxable","16":"purchasable","17":"product-type-simple"},"_links":{"self":[{"href":"https:\/\/oztunadtm.com\/index.php\/wp-json\/wp\/v2\/product\/7680","targetHints":{"allow":["GET"]}}],"collection":[{"href":"https:\/\/oztunadtm.com\/index.php\/wp-json\/wp\/v2\/product"}],"about":[{"href":"https:\/\/oztunadtm.com\/index.php\/wp-json\/wp\/v2\/types\/product"}],"replies":[{"embeddable":true,"href":"https:\/\/oztunadtm.com\/index.php\/wp-json\/wp\/v2\/comments?post=7680"}],"wp:featuredmedia":[{"embeddable":true,"href":"https:\/\/oztunadtm.com\/index.php\/wp-json\/wp\/v2\/media\/7682"}],"wp:attachment":[{"href":"https:\/\/oztunadtm.com\/index.php\/wp-json\/wp\/v2\/media?parent=7680"}],"wp:term":[{"taxonomy":"product_brand","embeddable":true,"href":"https:\/\/oztunadtm.com\/index.php\/wp-json\/wp\/v2\/product_brand?post=7680"},{"taxonomy":"product_cat","embeddable":true,"href":"https:\/\/oztunadtm.com\/index.php\/wp-json\/wp\/v2\/product_cat?post=7680"},{"taxonomy":"product_tag","embeddable":true,"href":"https:\/\/oztunadtm.com\/index.php\/wp-json\/wp\/v2\/product_tag?post=7680"}],"curies":[{"name":"wp","href":"https:\/\/api.w.org\/{rel}","templated":true}]}}