{"id":7678,"date":"2022-10-19T17:19:47","date_gmt":"2022-10-19T14:19:47","guid":{"rendered":"https:\/\/oztunadtm.com\/?post_type=product&#038;p=7678"},"modified":"2022-10-19T17:38:22","modified_gmt":"2022-10-19T14:38:22","slug":"el-blenderi-ergomixx-1000-w-siyah","status":"publish","type":"product","link":"https:\/\/oztunadtm.com\/index.php\/urun\/el-blenderi-ergomixx-1000-w-siyah\/","title":{"rendered":"El Blender\u0131 ErgoMixx 1000 W Siyah"},"content":{"rendered":"<p>[vc_row][vc_column width=&#8221;1\/2&#8243;][vc_column_text woodmart_inline=&#8221;no&#8221; text_larger=&#8221;no&#8221;]<\/p>\n<div class=\"technical-info-item js-technical-info-item\">\n<div class=\"technical-info-item js-technical-info-item\">\n<div class=\"m-overviewtile overview-content\" data-t-name=\"Overviewtile\" data-t-id=\"84\">\n<div class=\"content\">\n<div class=\"technical-info-item js-technical-info-item\">\n<div class=\"technical-info-item js-technical-info-item\">\n<div class=\"m-overviewtile overview-content\" data-t-name=\"Overviewtile\" data-t-id=\"125\">\n<div class=\"content\">\n<div class=\"technical-info-item js-technical-info-item\">\n<div class=\"m-overviewtile overview-content\" data-t-name=\"Overviewtile\" data-t-id=\"69\">\n<div class=\"content\">\n<p><strong><span class=\"highlight\">G\u00fc\u00e7<br \/>\n<\/span><\/strong>1.000 W<\/p>\n<p><strong><span class=\"highlight\">Mikser ayak materyali<br \/>\n<\/span><\/strong>Metal<\/p>\n<p><strong>helixcord<br \/>\n<\/strong>hay\u0131r<\/p>\n<p><strong><span class=\"highlight\">Net a\u011f\u0131rl\u0131k<br \/>\n<\/span><\/strong>2,1 kg<\/p>\n<\/div>\n<\/div>\n<\/div>\n<\/div>\n<\/div>\n<\/div>\n<\/div>\n<\/div>\n<\/div>\n<\/div>\n<\/div>\n<p>[\/vc_column_text][\/vc_column][vc_column width=&#8221;1\/2&#8243;][vc_column_text woodmart_inline=&#8221;no&#8221; text_larger=&#8221;no&#8221;]<\/p>\n<div class=\"technical-info-item js-technical-info-item\">\n<div class=\"technical-info-item js-technical-info-item\">\n<div class=\"technical-info-item js-technical-info-item\">\n<div class=\"technical-info-item js-technical-info-item\">\n<div class=\"technical-info-item js-technical-info-item\">\n<div class=\"technical-info-item js-technical-info-item\">\n<div class=\"m-overviewtile overview-content\" data-t-name=\"Overviewtile\" data-t-id=\"84\">\n<div class=\"content\">\n<div class=\"technical-info-item js-technical-info-item\">\n<div class=\"technical-info-item js-technical-info-item\">\n<div class=\"m-overviewtile overview-content\" data-t-name=\"Overviewtile\" data-t-id=\"84\">\n<div class=\"content\">\n<div class=\"technical-info-item js-technical-info-item\">\n<div class=\"technical-info-item js-technical-info-item\">\n<div class=\"technical-info-item js-technical-info-item\">\n<div class=\"technical-info-item js-technical-info-item\">\n<div class=\"m-overviewtile overview-content\" data-t-name=\"Overviewtile\" data-t-id=\"84\">\n<div class=\"content\">\n<div class=\"technical-info-item js-technical-info-item\">\n<div class=\"technical-info-item js-technical-info-item\">\n<div class=\"m-overviewtile overview-content\" data-t-name=\"Overviewtile\" data-t-id=\"125\">\n<div class=\"content\">\n<div class=\"technical-info-item js-technical-info-item\">\n<div class=\"technical-info-item js-technical-info-item\">\n<div class=\"m-overviewtile overview-content\" data-t-name=\"Overviewtile\" data-t-id=\"84\">\n<div class=\"content\">\n<div class=\"technical-info-item js-technical-info-item\">\n<div class=\"technical-info-item js-technical-info-item\">\n<div class=\"m-overviewtile overview-content\" data-t-name=\"Overviewtile\" data-t-id=\"125\">\n<div class=\"content\">\n<div class=\"technical-info-item js-technical-info-item\">\n<div class=\"technical-info-item js-technical-info-item\">\n<div class=\"technical-info-item js-technical-info-item\">\n<div class=\"m-overviewtile overview-content\" data-t-name=\"Overviewtile\" data-t-id=\"84\">\n<div class=\"content\">\n<div class=\"technical-info-item js-technical-info-item\">\n<div class=\"technical-info-item js-technical-info-item\">\n<div class=\"m-overviewtile overview-content\" data-t-name=\"Overviewtile\" data-t-id=\"125\">\n<div class=\"content\">\n<div class=\"technical-info-item js-technical-info-item\">\n<div class=\"m-overviewtile overview-content\" data-t-name=\"Overviewtile\" data-t-id=\"69\">\n<div class=\"content\">\n<p><strong><span class=\"highlight\">H\u0131z ayar\u0131 say\u0131s\u0131<br \/>\n<\/span><\/strong>12 kademeli<\/p>\n<p><strong><span class=\"highlight\">Blade design<br \/>\n<\/span><\/strong>4-wing blade<\/p>\n<p><strong><span class=\"highlight\">Vacuum set<br \/>\n<\/span><\/strong>hay\u0131r<\/p>\n<\/div>\n<\/div>\n<\/div>\n<\/div>\n<\/div>\n<\/div>\n<\/div>\n<\/div>\n<\/div>\n<\/div>\n<\/div>\n<\/div>\n<\/div>\n<\/div>\n<\/div>\n<\/div>\n<\/div>\n<\/div>\n<\/div>\n<\/div>\n<\/div>\n<\/div>\n<\/div>\n<\/div>\n<\/div>\n<\/div>\n<\/div>\n<\/div>\n<\/div>\n<\/div>\n<\/div>\n<\/div>\n<\/div>\n<\/div>\n<\/div>\n<\/div>\n<\/div>\n<\/div>\n<\/div>\n<\/div>\n<\/div>\n<\/div>\n<p>[\/vc_column_text][\/vc_column][\/vc_row]<\/p>\n","protected":false},"excerpt":{"rendered":"<ul>\n<li><span class=\"highlight copi-link\" data-popover-id=\"copi-popover-id-0\" data-eventtracking=\"{&quot;trackType&quot;:&quot;feature story popover opened&quot;, &quot;eventType&quot;:&quot;click&quot;}\">1000 Watt motor g\u00fcc\u00fc:<\/span>\u00a0en zor malzemelerde \u00fcst\u00fcn performans i\u00e7in<br \/>\n<aside class=\"m-popover \" tabindex=\"0\" role=\"dialog\" aria-modal=\"true\" aria-labelledby=\"dialog-label\" aria-describedby=\"dialog-desc\" data-t-name=\"Popover\" data-id=\"copi-popover-id-0\" data-position=\"top\" data-t-id=\"92\"><\/aside>\n<\/li>\n<li>\u00a0<span class=\"highlight copi-link\" data-popover-id=\"copi-popover-id-1\" data-eventtracking=\"{&quot;trackType&quot;:&quot;feature story popover opened&quot;, &quot;eventType&quot;:&quot;click&quot;}\">QuattroBlade:<\/span>\u00a0S\u0131\u00e7ratmama \u00f6zelli\u011fi ve 4 b\u0131\u00e7akl\u0131 yap\u0131s\u0131yla optimal kesme ve kar\u0131\u015ft\u0131rma performans\u0131.<br \/>\n<aside class=\"m-popover \" tabindex=\"0\" role=\"dialog\" aria-modal=\"true\" aria-labelledby=\"dialog-label\" aria-describedby=\"dialog-desc\" data-t-name=\"Popover\" data-id=\"copi-popover-id-1\" data-position=\"top\" data-t-id=\"93\"><\/aside>\n<\/li>\n<li>\u00a0<span class=\"highlight copi-link\" data-popover-id=\"copi-popover-id-2\" data-eventtracking=\"{&quot;trackType&quot;:&quot;feature story popover opened&quot;, &quot;eventType&quot;:&quot;click&quot;}\">Ayarlanabilir h\u0131z kademesi:<\/span>\u00a012 h\u0131z ayar\u0131 ve turbo fonksiyonu ile her t\u00fcrl\u00fc tarifte ideal sonu\u00e7lar<br \/>\n<aside class=\"m-popover \" tabindex=\"0\" role=\"dialog\" aria-modal=\"true\" aria-labelledby=\"dialog-label\" aria-describedby=\"dialog-desc\" data-t-name=\"Popover\" data-id=\"copi-popover-id-2\" data-position=\"top\" data-t-id=\"94\"><\/aside>\n<\/li>\n<li>\u00a0<span class=\"highlight copi-link\" data-popover-id=\"copi-popover-id-3\" data-eventtracking=\"{&quot;trackType&quot;:&quot;feature story popover opened&quot;, &quot;eventType&quot;:&quot;click&quot;}\">Mutfak robotu fonksiyonu:<\/span>\u00a0do\u011frama, kesme ve dilimleme<br \/>\n<aside class=\"m-popover \" tabindex=\"0\" role=\"dialog\" aria-modal=\"true\" aria-labelledby=\"dialog-label\" aria-describedby=\"dialog-desc\" data-t-name=\"Popover\" data-id=\"copi-popover-id-3\" data-position=\"top\" data-t-id=\"95\"><\/aside>\n<\/li>\n<li>\u00a0<span class=\"highlight copi-link\" data-popover-id=\"copi-popover-id-4\" data-eventtracking=\"{&quot;trackType&quot;:&quot;feature story popover opened&quot;, &quot;eventType&quot;:&quot;click&quot;}\">Kapakl\u0131 kar\u0131\u015ft\u0131rma ve \u00f6l\u00e7\u00fc kab\u0131:<\/span>\u00a0az miktardaki \u00fcr\u00fcnleri kar\u0131\u015ft\u0131rmak, \u00e7\u0131rpmak, \u00f6l\u00e7mek ve saklamak i\u00e7in ideal<\/li>\n<\/ul>\n","protected":false},"featured_media":7679,"comment_status":"open","ping_status":"closed","template":"","meta":[],"product_brand":[],"product_cat":[130],"product_tag":[149,165],"class_list":{"0":"post-7678","1":"product","2":"type-product","3":"status-publish","4":"has-post-thumbnail","6":"product_cat-mutfak-aletleri","7":"product_tag-bosch","8":"product_tag-mutfak-makinesi","10":"first","11":"instock","12":"taxable","13":"shipping-taxable","14":"purchasable","15":"product-type-simple"},"_links":{"self":[{"href":"https:\/\/oztunadtm.com\/index.php\/wp-json\/wp\/v2\/product\/7678","targetHints":{"allow":["GET"]}}],"collection":[{"href":"https:\/\/oztunadtm.com\/index.php\/wp-json\/wp\/v2\/product"}],"about":[{"href":"https:\/\/oztunadtm.com\/index.php\/wp-json\/wp\/v2\/types\/product"}],"replies":[{"embeddable":true,"href":"https:\/\/oztunadtm.com\/index.php\/wp-json\/wp\/v2\/comments?post=7678"}],"wp:featuredmedia":[{"embeddable":true,"href":"https:\/\/oztunadtm.com\/index.php\/wp-json\/wp\/v2\/media\/7679"}],"wp:attachment":[{"href":"https:\/\/oztunadtm.com\/index.php\/wp-json\/wp\/v2\/media?parent=7678"}],"wp:term":[{"taxonomy":"product_brand","embeddable":true,"href":"https:\/\/oztunadtm.com\/index.php\/wp-json\/wp\/v2\/product_brand?post=7678"},{"taxonomy":"product_cat","embeddable":true,"href":"https:\/\/oztunadtm.com\/index.php\/wp-json\/wp\/v2\/product_cat?post=7678"},{"taxonomy":"product_tag","embeddable":true,"href":"https:\/\/oztunadtm.com\/index.php\/wp-json\/wp\/v2\/product_tag?post=7678"}],"curies":[{"name":"wp","href":"https:\/\/api.w.org\/{rel}","templated":true}]}}