{"id":7661,"date":"2022-10-19T16:52:30","date_gmt":"2022-10-19T13:52:30","guid":{"rendered":"https:\/\/oztunadtm.com\/?post_type=product&#038;p=7661"},"modified":"2026-01-12T20:39:04","modified_gmt":"2026-01-12T17:39:04","slug":"mutfak-makinesi-optimum-1600-w-kirmizi","status":"publish","type":"product","link":"https:\/\/oztunadtm.com\/index.php\/urun\/mutfak-makinesi-optimum-1600-w-kirmizi\/","title":{"rendered":"Mutfak Makinesi OptiMUM 1600 W K\u0131rm\u0131z\u0131"},"content":{"rendered":"<p>[vc_row][vc_column width=&#8221;1\/2&#8243;][vc_column_text woodmart_inline=&#8221;no&#8221; text_larger=&#8221;no&#8221;]<\/p>\n<div class=\"technical-info-item js-technical-info-item\">\n<div class=\"technical-info-item js-technical-info-item\">\n<div class=\"m-overviewtile overview-content\" data-t-name=\"Overviewtile\" data-t-id=\"84\">\n<div class=\"content\">\n<div class=\"technical-info-item js-technical-info-item\">\n<div class=\"technical-info-item js-technical-info-item\">\n<div class=\"m-overviewtile overview-content\" data-t-name=\"Overviewtile\" data-t-id=\"125\">\n<div class=\"content\">\n<div class=\"technical-info-item js-technical-info-item\">\n<p class=\"technical-info-item-heading js-search-text\"><strong>G\u00fc\u00e7<br \/>\n<\/strong>1.600 W<\/p>\n<p class=\"technical-info-item-heading js-search-text\"><strong>Renk<\/strong><br \/>\nCherry red<\/p>\n<p class=\"technical-info-item-heading js-search-text\"><strong>Material of mixing bowl<\/strong><br \/>\npaslanmaz \u00e7elik<\/p>\n<p class=\"technical-info-item-heading js-search-text\"><strong>Max. mass of mix bowl for flour<\/strong><br \/>\n1,5 kg<\/p>\n<p class=\"technical-info-item-heading js-search-text\"><strong>\u00dcr\u00fcn \u00d6l\u00e7\u00fcleri (Y\u00fckseklik x Geni\u015flik x Derinlik)<\/strong><br \/>\n317 x 222 x 395 mm<\/p>\n<p class=\"technical-info-item-heading js-search-text\"><strong>Elektrik kablosu uzunlu\u011fu<\/strong><br \/>\n100,0 cm<\/p>\n<\/div>\n<\/div>\n<\/div>\n<\/div>\n<\/div>\n<\/div>\n<\/div>\n<\/div>\n<\/div>\n<p>[\/vc_column_text][\/vc_column][vc_column width=&#8221;1\/2&#8243;][vc_column_text woodmart_inline=&#8221;no&#8221; text_larger=&#8221;no&#8221;]<\/p>\n<div class=\"technical-info-item js-technical-info-item\">\n<div class=\"technical-info-item js-technical-info-item\">\n<div class=\"technical-info-item js-technical-info-item\">\n<div class=\"technical-info-item js-technical-info-item\">\n<div class=\"technical-info-item js-technical-info-item\">\n<div class=\"technical-info-item js-technical-info-item\">\n<div class=\"m-overviewtile overview-content\" data-t-name=\"Overviewtile\" data-t-id=\"84\">\n<div class=\"content\">\n<div class=\"technical-info-item js-technical-info-item\">\n<div class=\"technical-info-item js-technical-info-item\">\n<div class=\"m-overviewtile overview-content\" data-t-name=\"Overviewtile\" data-t-id=\"84\">\n<div class=\"content\">\n<div class=\"technical-info-item js-technical-info-item\">\n<div class=\"technical-info-item js-technical-info-item\">\n<div class=\"technical-info-item js-technical-info-item\">\n<div class=\"technical-info-item js-technical-info-item\">\n<div class=\"m-overviewtile overview-content\" data-t-name=\"Overviewtile\" data-t-id=\"84\">\n<div class=\"content\">\n<div class=\"technical-info-item js-technical-info-item\">\n<div class=\"technical-info-item js-technical-info-item\">\n<div class=\"m-overviewtile overview-content\" data-t-name=\"Overviewtile\" data-t-id=\"125\">\n<div class=\"content\">\n<div class=\"technical-info-item js-technical-info-item\">\n<div class=\"technical-info-item js-technical-info-item\">\n<div class=\"m-overviewtile overview-content\" data-t-name=\"Overviewtile\" data-t-id=\"84\">\n<div class=\"content\">\n<div class=\"technical-info-item js-technical-info-item\">\n<div class=\"technical-info-item js-technical-info-item\">\n<div class=\"m-overviewtile overview-content\" data-t-name=\"Overviewtile\" data-t-id=\"125\">\n<div class=\"content\">\n<div class=\"technical-info-item js-technical-info-item\">\n<p class=\"technical-info-item-heading js-search-text\"><strong>H\u0131z ayar\u0131 say\u0131s\u0131<\/strong><br \/>\n7<\/p>\n<p class=\"technical-info-item-heading js-search-text\"><strong>G\u00f6vde Materyali<\/strong><br \/>\nMetal<\/p>\n<p class=\"technical-info-item-heading js-search-text\"><strong>Kapasite<\/strong><br \/>\n5,5 litre<\/p>\n<p class=\"technical-info-item-heading js-search-text\"><strong>Max. content of mix bowl for dough<\/strong><br \/>\n3,5 kg<\/p>\n<p class=\"technical-info-item-heading js-search-text\"><strong>Net a\u011f\u0131rl\u0131k<\/strong><br \/>\n9,6 kg<\/p>\n<p class=\"technical-info-item-heading js-search-text\"><strong>Entegre aksesuarlar<\/strong><br \/>\n1 x Kapak, 1 x Paslanmaz \u00e7elikten kar\u0131\u015ft\u0131rma kab\u0131<\/p>\n<\/div>\n<\/div>\n<\/div>\n<\/div>\n<\/div>\n<\/div>\n<\/div>\n<\/div>\n<\/div>\n<\/div>\n<\/div>\n<\/div>\n<\/div>\n<\/div>\n<\/div>\n<\/div>\n<\/div>\n<\/div>\n<\/div>\n<\/div>\n<\/div>\n<\/div>\n<\/div>\n<\/div>\n<\/div>\n<\/div>\n<\/div>\n<\/div>\n<\/div>\n<\/div>\n<\/div>\n<p>[\/vc_column_text][\/vc_column][\/vc_row]<\/p>\n","protected":false},"excerpt":{"rendered":"<ul>\n<li><span class=\"highlight copi-link\" data-popover-id=\"copi-popover-id-0\" data-eventtracking=\"{&quot;trackType&quot;:&quot;feature story popover opened&quot;, &quot;eventType&quot;:&quot;click&quot;}\">M\u00fckemmel sonu\u00e7lar:<\/span>\u00a0\u00c7ok yo\u011fun hamurlar ve b\u00fcy\u00fck miktarda kar\u0131\u015f\u0131mlarda bile \u00fcst\u00fcn performans sergileyen 1600 watt g\u00fcc\u00fcnde motor<br \/>\n<aside class=\"m-popover \" tabindex=\"0\" role=\"dialog\" aria-modal=\"true\" aria-labelledby=\"dialog-label\" aria-describedby=\"dialog-desc\" data-t-name=\"Popover\" data-id=\"copi-popover-id-0\" data-position=\"top\" data-t-id=\"175\"><\/aside>\n<\/li>\n<li>\u00a0<span class=\"highlight copi-link\" data-popover-id=\"copi-popover-id-1\" data-eventtracking=\"{&quot;trackType&quot;:&quot;feature story popover opened&quot;, &quot;eventType&quot;:&quot;click&quot;}\">Ekstra b\u00fcy\u00fck 5,5 L paslanmaz \u00e7elik kar\u0131\u015ft\u0131rma haznesi:<\/span>\u00a0tek ad\u0131mda b\u00fcy\u00fck miktarda kar\u0131\u015f\u0131mlar ve hamurlar i\u00e7in ideal (3.5 kg &#8216;a kadar kek kar\u0131\u015f\u0131m\u0131)<br \/>\n<aside class=\"m-popover \" tabindex=\"0\" role=\"dialog\" aria-modal=\"true\" aria-labelledby=\"dialog-label\" aria-describedby=\"dialog-desc\" data-t-name=\"Popover\" data-id=\"copi-popover-id-1\" data-position=\"top\" data-t-id=\"176\"><\/aside>\n<\/li>\n<li>\u00a0<span class=\"highlight copi-link\" data-popover-id=\"copi-popover-id-2\" data-eventtracking=\"{&quot;trackType&quot;:&quot;feature story popover opened&quot;, &quot;eventType&quot;:&quot;click&quot;}\">Full-metal g\u00f6vde:<\/span>\u00a0uzun s\u00fcre kullan\u0131labilen dayan\u0131kl\u0131 metal g\u00f6vde<br \/>\n<aside class=\"m-popover \" tabindex=\"0\" role=\"dialog\" aria-modal=\"true\" aria-labelledby=\"dialog-label\" aria-describedby=\"dialog-desc\" data-t-name=\"Popover\" data-id=\"copi-popover-id-2\" data-position=\"top\" data-t-id=\"177\"><\/aside>\n<\/li>\n<li>\u00a0<span class=\"highlight copi-link\" data-popover-id=\"copi-popover-id-3\" data-eventtracking=\"{&quot;trackType&quot;:&quot;feature story popover opened&quot;, &quot;eventType&quot;:&quot;click&quot;}\">3 boyutlu kar\u0131\u015ft\u0131rma:<\/span> h\u0131zl\u0131 ve homojen kar\u0131\u015f\u0131m<\/li>\n<li>\u00a0<span class=\"highlight copi-link\" data-popover-id=\"copi-popover-id-4\" data-eventtracking=\"{&quot;trackType&quot;:&quot;feature story popover opened&quot;, &quot;eventType&quot;:&quot;click&quot;}\">OptiMUM aksesuar seti:<\/span>\u00a0\u00e7\u0131rpma ucu, silikon kapl\u0131 metal kar\u0131\u015ft\u0131rma ucu ve hamur kancas\u0131 sayesinde m\u00fckemmel sonu\u00e7lar.<\/li>\n<\/ul>\n","protected":false},"featured_media":7671,"comment_status":"open","ping_status":"closed","template":"","meta":[],"product_brand":[],"product_cat":[129],"product_tag":[149,165],"class_list":{"0":"post-7661","1":"product","2":"type-product","3":"status-publish","4":"has-post-thumbnail","6":"product_cat-mutfak-makineleri","7":"product_tag-bosch","8":"product_tag-mutfak-makinesi","10":"first","11":"instock","12":"taxable","13":"shipping-taxable","14":"purchasable","15":"product-type-simple"},"_links":{"self":[{"href":"https:\/\/oztunadtm.com\/index.php\/wp-json\/wp\/v2\/product\/7661","targetHints":{"allow":["GET"]}}],"collection":[{"href":"https:\/\/oztunadtm.com\/index.php\/wp-json\/wp\/v2\/product"}],"about":[{"href":"https:\/\/oztunadtm.com\/index.php\/wp-json\/wp\/v2\/types\/product"}],"replies":[{"embeddable":true,"href":"https:\/\/oztunadtm.com\/index.php\/wp-json\/wp\/v2\/comments?post=7661"}],"wp:featuredmedia":[{"embeddable":true,"href":"https:\/\/oztunadtm.com\/index.php\/wp-json\/wp\/v2\/media\/7671"}],"wp:attachment":[{"href":"https:\/\/oztunadtm.com\/index.php\/wp-json\/wp\/v2\/media?parent=7661"}],"wp:term":[{"taxonomy":"product_brand","embeddable":true,"href":"https:\/\/oztunadtm.com\/index.php\/wp-json\/wp\/v2\/product_brand?post=7661"},{"taxonomy":"product_cat","embeddable":true,"href":"https:\/\/oztunadtm.com\/index.php\/wp-json\/wp\/v2\/product_cat?post=7661"},{"taxonomy":"product_tag","embeddable":true,"href":"https:\/\/oztunadtm.com\/index.php\/wp-json\/wp\/v2\/product_tag?post=7661"}],"curies":[{"name":"wp","href":"https:\/\/api.w.org\/{rel}","templated":true}]}}