{"id":7637,"date":"2022-10-19T16:31:56","date_gmt":"2022-10-19T13:31:56","guid":{"rendered":"https:\/\/oztunadtm.com\/?post_type=product&#038;p=7637"},"modified":"2023-11-15T05:18:35","modified_gmt":"2023-11-15T02:18:35","slug":"ekmek-kizartma-makinesi-designline-paslanmaz-celik","status":"publish","type":"product","link":"https:\/\/oztunadtm.com\/index.php\/urun\/ekmek-kizartma-makinesi-designline-paslanmaz-celik\/","title":{"rendered":"Ekmek K\u0131zartma Makinesi DesignLine Paslanmaz \u00e7elik"},"content":{"rendered":"<p>[vc_row][vc_column width=&#8221;1\/2&#8243;][vc_column_text woodmart_inline=&#8221;no&#8221; text_larger=&#8221;no&#8221;]<\/p>\n<div class=\"technical-info-item js-technical-info-item\">\n<div class=\"technical-info-item js-technical-info-item\">\n<div class=\"m-overviewtile overview-content\" data-t-name=\"Overviewtile\" data-t-id=\"84\">\n<div class=\"content\">\n<div class=\"technical-info-item js-technical-info-item\">\n<div class=\"technical-info-item js-technical-info-item\">\n<div class=\"m-overviewtile overview-content\" data-t-name=\"Overviewtile\" data-t-id=\"125\">\n<div class=\"content\">\n<p><strong><span class=\"highlight\">\u00dcr\u00fcn \u00d6l\u00e7\u00fcleri (Y\u00fckseklik x Geni\u015flik x Derinlik)<br \/>\n<\/span><\/strong>195 x 300 x 170 mm<\/p>\n<p><strong>G\u00f6vde Materyali<\/strong><br \/>\npaslanmaz \u00e7elik<\/p>\n<p><strong>Dilim adedi<\/strong><br \/>\n2 No.<\/p>\n<p><strong>K\u0131zartma ray\u0131<\/strong><br \/>\nentegre edilmi\u015f<\/p>\n<\/div>\n<\/div>\n<\/div>\n<\/div>\n<\/div>\n<\/div>\n<\/div>\n<\/div>\n<p>[\/vc_column_text][\/vc_column][vc_column width=&#8221;1\/2&#8243;][vc_column_text woodmart_inline=&#8221;no&#8221; text_larger=&#8221;no&#8221;]<\/p>\n<div class=\"technical-info-item js-technical-info-item\">\n<div class=\"technical-info-item js-technical-info-item\">\n<div class=\"technical-info-item js-technical-info-item\">\n<div class=\"technical-info-item js-technical-info-item\">\n<div class=\"technical-info-item js-technical-info-item\">\n<div class=\"technical-info-item js-technical-info-item\">\n<div class=\"m-overviewtile overview-content\" data-t-name=\"Overviewtile\" data-t-id=\"84\">\n<div class=\"content\">\n<div class=\"technical-info-item js-technical-info-item\">\n<div class=\"technical-info-item js-technical-info-item\">\n<div class=\"m-overviewtile overview-content\" data-t-name=\"Overviewtile\" data-t-id=\"84\">\n<div class=\"content\">\n<div class=\"technical-info-item js-technical-info-item\">\n<div class=\"technical-info-item js-technical-info-item\">\n<div class=\"technical-info-item js-technical-info-item\">\n<div class=\"technical-info-item js-technical-info-item\">\n<div class=\"m-overviewtile overview-content\" data-t-name=\"Overviewtile\" data-t-id=\"84\">\n<div class=\"content\">\n<div class=\"technical-info-item js-technical-info-item\">\n<div class=\"technical-info-item js-technical-info-item\">\n<div class=\"m-overviewtile overview-content\" data-t-name=\"Overviewtile\" data-t-id=\"125\">\n<div class=\"content\">\n<p><strong>Renk<\/strong><br \/>\nPaslanmaz \u00e7elik<\/p>\n<p><strong>Yar\u0131k adedi<\/strong><br \/>\n2 No.<\/p>\n<p><strong>K\u0131zartma derecesi<\/strong><br \/>\nkademesiz d\u00f6ner kumanda<\/p>\n<\/div>\n<\/div>\n<\/div>\n<\/div>\n<\/div>\n<\/div>\n<\/div>\n<\/div>\n<\/div>\n<\/div>\n<\/div>\n<\/div>\n<\/div>\n<\/div>\n<\/div>\n<\/div>\n<\/div>\n<\/div>\n<\/div>\n<\/div>\n<\/div>\n<\/div>\n<p>[\/vc_column_text][\/vc_column][\/vc_row]<\/p>\n","protected":false},"excerpt":{"rendered":"<ul>\n<li>K\u0131zarm\u0131\u015f dilimin s\u0131cak tutulabilmesi i\u00e7in entegre \u0131s\u0131tma teli<br \/>\n<aside class=\"m-popover \" tabindex=\"0\" role=\"dialog\" aria-modal=\"true\" aria-labelledby=\"dialog-label\" aria-describedby=\"dialog-desc\" data-t-name=\"Popover\" data-id=\"copi-popover-id-0\" data-position=\"top\" data-t-id=\"152\"><\/aside>\n<\/li>\n<li>\u00a0<span class=\"highlight copi-link\" data-popover-id=\"copi-popover-id-1\" data-eventtracking=\"{&quot;trackType&quot;:&quot;feature story popover opened&quot;, &quot;eventType&quot;:&quot;click&quot;}\">Buz \u00e7\u00f6zme ve \u0131s\u0131tma \u00f6zelli\u011fi:<\/span> ekme\u011finizin buzunu \u00e7\u00f6zerek \u0131s\u0131tman\u0131za yard\u0131mc\u0131 olur<\/li>\n<li>\u00a0Otomatik hizalama ile e\u015fit k\u0131zartma<br \/>\n<aside class=\"m-popover \" tabindex=\"0\" role=\"dialog\" aria-modal=\"true\" aria-labelledby=\"dialog-label\" aria-describedby=\"dialog-desc\" data-t-name=\"Popover\" data-id=\"copi-popover-id-2\" data-position=\"top\" data-t-id=\"154\"><\/aside>\n<\/li>\n<li>\u00a0En k\u00fc\u00e7\u00fck ekmek dilimlerini bile kolayca alman\u0131z\u0131 sa\u011flayan dilim y\u00fckseltme \u00f6zelli\u011fi<br \/>\n<aside class=\"m-popover \" tabindex=\"0\" role=\"dialog\" aria-modal=\"true\" aria-labelledby=\"dialog-label\" aria-describedby=\"dialog-desc\" data-t-name=\"Popover\" data-id=\"copi-popover-id-3\" data-position=\"top\" data-t-id=\"155\"><\/aside>\n<\/li>\n<li>\u00a0<span class=\"highlight copi-link\" data-popover-id=\"copi-popover-id-4\" data-eventtracking=\"{&quot;trackType&quot;:&quot;feature story popover opened&quot;, &quot;eventType&quot;:&quot;click&quot;}\">Otomatik kapanma:<\/span>\u00a0ekmek diliminin s\u0131k\u0131\u015fmas\u0131 halinde otomatik kapanma<\/li>\n<\/ul>\n","protected":false},"featured_media":7640,"comment_status":"open","ping_status":"closed","template":"","meta":[],"product_brand":[],"product_cat":[127],"product_tag":[149,163],"class_list":{"0":"post-7637","1":"product","2":"type-product","3":"status-publish","4":"has-post-thumbnail","6":"product_cat-kahvalti-hazirlama-grubu","7":"product_tag-bosch","8":"product_tag-ekmek-kizartma-makinesi","10":"first","11":"instock","12":"taxable","13":"shipping-taxable","14":"purchasable","15":"product-type-simple"},"_links":{"self":[{"href":"https:\/\/oztunadtm.com\/index.php\/wp-json\/wp\/v2\/product\/7637","targetHints":{"allow":["GET"]}}],"collection":[{"href":"https:\/\/oztunadtm.com\/index.php\/wp-json\/wp\/v2\/product"}],"about":[{"href":"https:\/\/oztunadtm.com\/index.php\/wp-json\/wp\/v2\/types\/product"}],"replies":[{"embeddable":true,"href":"https:\/\/oztunadtm.com\/index.php\/wp-json\/wp\/v2\/comments?post=7637"}],"wp:featuredmedia":[{"embeddable":true,"href":"https:\/\/oztunadtm.com\/index.php\/wp-json\/wp\/v2\/media\/7640"}],"wp:attachment":[{"href":"https:\/\/oztunadtm.com\/index.php\/wp-json\/wp\/v2\/media?parent=7637"}],"wp:term":[{"taxonomy":"product_brand","embeddable":true,"href":"https:\/\/oztunadtm.com\/index.php\/wp-json\/wp\/v2\/product_brand?post=7637"},{"taxonomy":"product_cat","embeddable":true,"href":"https:\/\/oztunadtm.com\/index.php\/wp-json\/wp\/v2\/product_cat?post=7637"},{"taxonomy":"product_tag","embeddable":true,"href":"https:\/\/oztunadtm.com\/index.php\/wp-json\/wp\/v2\/product_tag?post=7637"}],"curies":[{"name":"wp","href":"https:\/\/api.w.org\/{rel}","templated":true}]}}