{"id":7630,"date":"2022-10-19T16:03:02","date_gmt":"2022-10-19T13:03:02","guid":{"rendered":"https:\/\/oztunadtm.com\/?post_type=product&#038;p=7630"},"modified":"2026-01-12T20:39:40","modified_gmt":"2026-01-12T17:39:40","slug":"serie-6-toz-torbasiz-supurge-serie-6-mavi","status":"publish","type":"product","link":"https:\/\/oztunadtm.com\/index.php\/urun\/serie-6-toz-torbasiz-supurge-serie-6-mavi\/","title":{"rendered":"Serie 6 Toz torbas\u0131z S\u00fcp\u00fcrge Serie 6 Mavi"},"content":{"rendered":"<p>[vc_row][vc_column width=&#8221;1\/2&#8243;][vc_column_text woodmart_inline=&#8221;no&#8221; text_larger=&#8221;no&#8221;]<\/p>\n<div class=\"technical-info-item js-technical-info-item\">\n<div class=\"technical-info-item js-technical-info-item\">\n<div class=\"m-overviewtile overview-content\" data-t-name=\"Overviewtile\" data-t-id=\"84\">\n<div class=\"content\">\n<p><strong><span class=\"highlight\">Rated input power (2010\/30\/EC)<br \/>\n<\/span><\/strong>550 W<\/p>\n<p><strong>Toz Torbal\u0131 S\u00fcp\u00fcrge<\/strong><br \/>\nTorbas\u0131z<\/p>\n<p><strong>Filtre<\/strong><br \/>\nHEPA hygienic filter<\/p>\n<p><strong>Kablo dolama yeri<\/strong><br \/>\notomatik<\/p>\n<\/div>\n<\/div>\n<\/div>\n<\/div>\n<p>[\/vc_column_text][\/vc_column][vc_column width=&#8221;1\/2&#8243;][vc_column_text woodmart_inline=&#8221;no&#8221; text_larger=&#8221;no&#8221;]<\/p>\n<div class=\"technical-info-item js-technical-info-item\">\n<div class=\"technical-info-item js-technical-info-item\">\n<div class=\"technical-info-item js-technical-info-item\">\n<div class=\"technical-info-item js-technical-info-item\">\n<div class=\"technical-info-item js-technical-info-item\">\n<div class=\"technical-info-item js-technical-info-item\">\n<div class=\"m-overviewtile overview-content\" data-t-name=\"Overviewtile\" data-t-id=\"84\">\n<div class=\"content\">\n<p><strong>Ses seviyesi<\/strong><br \/>\n72 dB(A) re 1 pW<\/p>\n<p><strong>Dust capacity bag\/bagless<\/strong><br \/>\n2,4 litre<\/p>\n<p><strong>Hareket yar\u0131\u00e7ap\u0131<\/strong><br \/>\n10 m<\/p>\n<\/div>\n<\/div>\n<\/div>\n<\/div>\n<\/div>\n<\/div>\n<\/div>\n<\/div>\n<p>[\/vc_column_text][\/vc_column][\/vc_row]<\/p>\n","protected":false},"excerpt":{"rendered":"<ul>\n<li>\u00a0<span class=\"highlight copi-link\" data-popover-id=\"copi-popover-id-0\" data-eventtracking=\"{&quot;trackType&quot;:&quot;feature story popover opened&quot;, &quot;eventType&quot;:&quot;click&quot;}\">10 y\u0131l motor garantisi*:<\/span> Almanya\u2019da \u00fcretilen Bosch motor teknolojisi ile s\u00fcrekli y\u00fcksek performans<\/li>\n<li>\u00a0<span class=\"highlight copi-link\" data-popover-id=\"copi-popover-id-1\" data-eventtracking=\"{&quot;trackType&quot;:&quot;feature story popover opened&quot;, &quot;eventType&quot;:&quot;click&quot;}\">EasyClean Sistemi:<\/span>\u00a0Toz haznesi ve filtre temizli\u011fi olduk\u00e7a kolay<\/li>\n<li>\u00a0<span class=\"highlight copi-link\" data-popover-id=\"copi-popover-id-2\" data-eventtracking=\"{&quot;trackType&quot;:&quot;feature story popover opened&quot;, &quot;eventType&quot;:&quot;click&quot;}\">Y\u0131kanabilir hijyenik HEPA filtre:<\/span>\u00a0A s\u0131n\u0131f\u0131 toz emi\u015f performans\u0131 ile alerjik b\u00fcnyeler i\u00e7in uygun<\/li>\n<\/ul>\n","protected":false},"featured_media":7631,"comment_status":"open","ping_status":"closed","template":"","meta":[],"product_brand":[],"product_cat":[83],"product_tag":[149,161,159,160],"class_list":{"0":"post-7630","1":"product","2":"type-product","3":"status-publish","4":"has-post-thumbnail","6":"product_cat-elektrikli-supurgeler","7":"product_tag-bosch","8":"product_tag-elektrik-supurgesi","9":"product_tag-firin","10":"product_tag-supurge","12":"first","13":"instock","14":"taxable","15":"shipping-taxable","16":"purchasable","17":"product-type-simple"},"_links":{"self":[{"href":"https:\/\/oztunadtm.com\/index.php\/wp-json\/wp\/v2\/product\/7630","targetHints":{"allow":["GET"]}}],"collection":[{"href":"https:\/\/oztunadtm.com\/index.php\/wp-json\/wp\/v2\/product"}],"about":[{"href":"https:\/\/oztunadtm.com\/index.php\/wp-json\/wp\/v2\/types\/product"}],"replies":[{"embeddable":true,"href":"https:\/\/oztunadtm.com\/index.php\/wp-json\/wp\/v2\/comments?post=7630"}],"wp:featuredmedia":[{"embeddable":true,"href":"https:\/\/oztunadtm.com\/index.php\/wp-json\/wp\/v2\/media\/7631"}],"wp:attachment":[{"href":"https:\/\/oztunadtm.com\/index.php\/wp-json\/wp\/v2\/media?parent=7630"}],"wp:term":[{"taxonomy":"product_brand","embeddable":true,"href":"https:\/\/oztunadtm.com\/index.php\/wp-json\/wp\/v2\/product_brand?post=7630"},{"taxonomy":"product_cat","embeddable":true,"href":"https:\/\/oztunadtm.com\/index.php\/wp-json\/wp\/v2\/product_cat?post=7630"},{"taxonomy":"product_tag","embeddable":true,"href":"https:\/\/oztunadtm.com\/index.php\/wp-json\/wp\/v2\/product_tag?post=7630"}],"curies":[{"name":"wp","href":"https:\/\/api.w.org\/{rel}","templated":true}]}}