{"id":7615,"date":"2022-10-19T15:08:41","date_gmt":"2022-10-19T12:08:41","guid":{"rendered":"https:\/\/oztunadtm.com\/?post_type=product&#038;p=7615"},"modified":"2026-01-12T20:40:04","modified_gmt":"2026-01-12T17:40:04","slug":"serie-6-ustten-donduruculu-buzdolabi-186-x-75-cm-kolay-temizlenebilir-inox","status":"publish","type":"product","link":"https:\/\/oztunadtm.com\/index.php\/urun\/serie-6-ustten-donduruculu-buzdolabi-186-x-75-cm-kolay-temizlenebilir-inox\/","title":{"rendered":"Serie 6 \u00dcstten Donduruculu Buzdolab\u0131 186 x 75 cm Kolay temizlenebilir Inox"},"content":{"rendered":"<p>[vc_row][vc_column width=&#8221;1\/2&#8243;][vc_column_text woodmart_inline=&#8221;no&#8221; text_larger=&#8221;no&#8221;]<\/p>\n<div class=\"technical-info-item js-technical-info-item\">\n<p class=\"technical-info-item-heading js-search-text\"><strong>Renk<\/strong><br \/>\nKolay temizlenebilir Inox<\/p>\n<p class=\"technical-info-item-heading js-search-text\"><strong>Kap\u0131 panel se\u00e7enekleri<br \/>\n<\/strong>Yok<\/p>\n<p class=\"technical-info-item-heading js-search-text\"><strong>Duvar mesafesi yok<br \/>\n<\/strong>Evet<\/p>\n<p class=\"technical-info-item-heading js-search-text\"><strong>Kullanma \u015fekli<br \/>\n<\/strong>So\u011futucu s\u0131cakl\u0131k g\u00f6stergesi<\/p>\n<p class=\"technical-info-item-heading js-search-text\"><strong>So\u011futucu b\u00f6l\u00fcm\u00fc kapasitesi<br \/>\n<\/strong>418 litre<\/p>\n<p class=\"technical-info-item-heading js-search-text\"><strong>Ses seviyesi<br \/>\n<\/strong>41 dB(A) re 1 pW<\/p>\n<p class=\"technical-info-item-heading js-search-text\"><strong>\u0130klim s\u0131n\u0131f\u0131<br \/>\n<\/strong>Geni\u015fletilmi\u015f \u0131l\u0131man, \u0131l\u0131man, subtropikal, tropikal<\/p>\n<\/div>\n<p>[\/vc_column_text][\/vc_column][vc_column width=&#8221;1\/2&#8243;][vc_column_text woodmart_inline=&#8221;no&#8221; text_larger=&#8221;no&#8221;]<\/p>\n<div class=\"technical-info-item js-technical-info-item\">\n<div class=\"technical-info-item js-technical-info-item\">\n<p class=\"technical-info-item-heading js-search-text\"><strong>Kap\u0131 y\u00f6n\u00fc<br \/>\n<\/strong>Di\u011fer<\/p>\n<p class=\"technical-info-item-heading js-search-text\"><strong>Kap\u0131 kolu tipi<br \/>\n<\/strong>dikey bar tutamak<\/p>\n<p class=\"technical-info-item-heading js-search-text\"><strong>NoFrost<br \/>\n<\/strong>Evet<\/p>\n<\/div>\n<div class=\"technical-info-item js-technical-info-item\">\n<p class=\"technical-info-item-heading js-search-text\"><strong>Y\u0131ll\u0131k ortalama enerji t\u00fcketimi<br \/>\n<\/strong>278 kWh\/y\u0131l<\/p>\n<p class=\"technical-info-item-heading js-search-text\"><strong>Derin dondurucu b\u00f6l\u00fcm\u00fc kapasitesi<br \/>\n<\/strong>124 litre<\/p>\n<p class=\"technical-info-item-heading js-search-text\"><strong>Ses seviyesi s\u0131n\u0131f\u0131<br \/>\n<\/strong>C<\/p>\n<p class=\"technical-info-item-heading js-search-text\"><strong>Entegre aksesuarlar<br \/>\n<\/strong>3 x Yumurtal\u0131k<\/p>\n<\/div>\n<\/div>\n<p>[\/vc_column_text][\/vc_column][\/vc_row]<\/p>\n","protected":false},"excerpt":{"rendered":"<ul>\n<li>\u00a0Size daha iyi \u0131\u015f\u0131kland\u0131rma sunan derin dondurucu LED ayd\u0131nlatmas\u0131 ile buzdolab\u0131n\u0131zdakileri rahat\u00e7a g\u00f6rebilirsiniz<\/li>\n<li>\u00a0Uzun y\u0131llar boyunca sorunsuz \u00e7al\u0131\u015fan LED ayd\u0131nlatma buzdolab\u0131n\u0131n i\u00e7inde homojen bir ayd\u0131nlatma sa\u011flar ve parlama yapmaz.<\/li>\n<li>\u00a0\u00c7ekilebilen cam raflar sayesinde buzdolab\u0131ndaki her \u015feye rahat\u00e7a ula\u015f\u0131labilir, yiyecekler kolayca al\u0131n\u0131p geri konulabili<\/li>\n<li>\u00a0Ayarlanabilir cam raf sistemi ile raflar\u0131 farkl\u0131 konumlarda ve y\u00fcksekliklerde kullanabilir, ihtiya\u00e7lar\u0131n\u0131za g\u00f6re de\u011fi\u015ftirebilirsini<\/li>\n<li>\u00a0AirFresh Filtresi, havadaki kokuyu en aza indirerek g\u0131dalar\u0131n\u0131z\u0131n her zaman hijyenik, taze ve lezzetli kalmas\u0131n\u0131 sa\u011flar.<\/li>\n<\/ul>\n","protected":false},"featured_media":7617,"comment_status":"open","ping_status":"closed","template":"","meta":[],"product_brand":[],"product_cat":[84],"product_tag":[149,156,157],"class_list":{"0":"post-7615","1":"product","2":"type-product","3":"status-publish","4":"has-post-thumbnail","6":"product_cat-buzdolaplari-derin-dondurucular","7":"product_tag-bosch","8":"product_tag-buzdolabi","9":"product_tag-inoks","11":"first","12":"instock","13":"taxable","14":"shipping-taxable","15":"purchasable","16":"product-type-simple"},"_links":{"self":[{"href":"https:\/\/oztunadtm.com\/index.php\/wp-json\/wp\/v2\/product\/7615","targetHints":{"allow":["GET"]}}],"collection":[{"href":"https:\/\/oztunadtm.com\/index.php\/wp-json\/wp\/v2\/product"}],"about":[{"href":"https:\/\/oztunadtm.com\/index.php\/wp-json\/wp\/v2\/types\/product"}],"replies":[{"embeddable":true,"href":"https:\/\/oztunadtm.com\/index.php\/wp-json\/wp\/v2\/comments?post=7615"}],"wp:featuredmedia":[{"embeddable":true,"href":"https:\/\/oztunadtm.com\/index.php\/wp-json\/wp\/v2\/media\/7617"}],"wp:attachment":[{"href":"https:\/\/oztunadtm.com\/index.php\/wp-json\/wp\/v2\/media?parent=7615"}],"wp:term":[{"taxonomy":"product_brand","embeddable":true,"href":"https:\/\/oztunadtm.com\/index.php\/wp-json\/wp\/v2\/product_brand?post=7615"},{"taxonomy":"product_cat","embeddable":true,"href":"https:\/\/oztunadtm.com\/index.php\/wp-json\/wp\/v2\/product_cat?post=7615"},{"taxonomy":"product_tag","embeddable":true,"href":"https:\/\/oztunadtm.com\/index.php\/wp-json\/wp\/v2\/product_tag?post=7615"}],"curies":[{"name":"wp","href":"https:\/\/api.w.org\/{rel}","templated":true}]}}