{"id":7604,"date":"2022-10-19T12:23:28","date_gmt":"2022-10-19T09:23:28","guid":{"rendered":"https:\/\/oztunadtm.com\/?post_type=product&#038;p=7604"},"modified":"2026-01-12T20:39:25","modified_gmt":"2026-01-12T17:39:25","slug":"serie-4-camasir-makinesi-9-kg-1400-dev-dak","status":"publish","type":"product","link":"https:\/\/oztunadtm.com\/index.php\/urun\/serie-4-camasir-makinesi-9-kg-1400-dev-dak\/","title":{"rendered":"Serie 4 \u00c7ama\u015f\u0131r Makinesi 9 kg 1400 dev.\/dak."},"content":{"rendered":"<p>[vc_row][vc_column width=&#8221;1\/2&#8243;][vc_column_text woodmart_inline=&#8221;no&#8221; text_larger=&#8221;no&#8221;]<\/p>\n<div class=\"technical-info-item js-technical-info-item\">\n<p class=\"technical-info-item-heading js-search-text\"><strong>\u00dcr\u00fcn Tip<\/strong><br \/>\nSolo<\/p>\n<p class=\"technical-info-item-heading js-search-text\"><strong>Programlar<\/strong><br \/>\nBeyazlar\/renkliler program\u0131, Hassas program\u0131, Sentetikler program\u0131, Y\u00fcnl\u00fcler elde y\u0131kama program\u0131<\/p>\n<p class=\"technical-info-item-heading js-search-text\"><strong>Su g\u00fcvenlik sistemi<\/strong><br \/>\n\u00c7oklu su korumas\u0131<\/p>\n<p class=\"technical-info-item-heading js-search-text\"><strong>Ses seviyesi<br \/>\n<\/strong>71 dB(A) re 1 pW<\/p>\n<p class=\"technical-info-item-heading js-search-text\"><strong>Kapasite<br \/>\n<\/strong>9,0 kg<\/p>\n<p class=\"technical-info-item-heading js-search-text\"><strong>Eko 40-60 program\u0131nda y\u0131kama devri ba\u015f\u0131na enerji verimlili\u011fi endeksi<br \/>\n<\/strong>1,031<\/p>\n<p class=\"technical-info-item-heading js-search-text\"><strong>Eko 40-60 program\u0131nda enerji t\u00fcketimi<br \/>\n<\/strong>0,464 kWh<\/p>\n<\/div>\n<p>[\/vc_column_text][\/vc_column][vc_column width=&#8221;1\/2&#8243;][vc_column_text woodmart_inline=&#8221;no&#8221; text_larger=&#8221;no&#8221;]<\/p>\n<div class=\"technical-info-item js-technical-info-item\">\n<div class=\"technical-info-item js-technical-info-item\">\n<p class=\"technical-info-item-heading js-search-text\"><strong>Renk<\/strong><br \/>\nBeyaz<\/p>\n<p class=\"technical-info-item-heading js-search-text\"><strong>\u0130lave y\u0131kama programlar\u0131<\/strong><br \/>\nAllergyPlus &amp; Baby, Ba\u015flat\/Beklet tu\u015fu, Devir say\u0131s\u0131 se\u00e7imi, Durulama, G\u00f6mlek\/Bluz, Kalan s\u00fcre erteleme, K\u0131r\u0131\u015f\u0131kl\u0131k \u00f6nleme, Leke \u00c7\u0131karma, Mix, Perde, S\u0131cakl\u0131k se\u00e7imi, S\u0131kma-Bo\u015faltma, S\u00fcper-K\u0131sa 15&#8217;\/30&#8242;, Tambur temizlik, VarioSpeed, Yorgan<\/p>\n<p class=\"technical-info-item-heading js-search-text\"><strong>\u00c7\u0131kart\u0131labilir kapak<br \/>\n<\/strong>hay\u0131r<\/p>\n<p class=\"technical-info-item-heading js-search-text\"><strong>Ses seviyesi s\u0131n\u0131f\u0131<br \/>\n<\/strong>A<\/p>\n<p class=\"technical-info-item-heading js-search-text\"><strong>Y\u0131kama devri ba\u015f\u0131na enerji verimlili\u011fi endeksi<br \/>\n<\/strong>48,8<\/p>\n<p class=\"technical-info-item-heading js-search-text\"><strong>Eko 40-60 program\u0131nda kurutma verimlilik s\u0131n\u0131f\u0131<br \/>\n<\/strong>B<\/p>\n<p class=\"technical-info-item-heading js-search-text\"><strong>Eko 40-60 program\u0131nda s\u0131kma h\u0131z\u0131<br \/>\n<\/strong>1.351 rpm<\/p>\n<\/div>\n<\/div>\n<p>[\/vc_column_text][\/vc_column][\/vc_row]<\/p>\n","protected":false},"excerpt":{"rendered":"<p>\u00b9Enerji Verimlili\u011fi S\u0131n\u0131flar\u0131 \u00d6l\u00e7e\u011fi (A&#8217;dan G&#8217;ye)<\/p>\n<p>\u00b2100 d\u00f6ng\u00fc ba\u015f\u0131na kWh cinsinden enerji t\u00fcketimi (Eko 40-60 program\u0131nda)<\/p>\n<p>\u00b3D\u00f6ng\u00fc ba\u015f\u0131na litre cinsinden a\u011f\u0131rl\u0131kl\u0131 su t\u00fcketimi (Eko 40-60 program\u0131nda)<\/p>\n<p>\u2074Eko 40-60 program\u0131n\u0131n s\u00fcresi<\/p>\n<p>**Belirtilen de\u011ferler en uygun tam say\u0131 de\u011ferleri esas olacak \u015fekilde d\u00fczenlenmi\u015ftir.<\/p>\n","protected":false},"featured_media":7609,"comment_status":"open","ping_status":"closed","template":"","meta":[],"product_brand":[],"product_cat":[104],"product_tag":[149,150],"class_list":{"0":"post-7604","1":"product","2":"type-product","3":"status-publish","4":"has-post-thumbnail","6":"product_cat-camasir-kurutma-makineleri","7":"product_tag-bosch","8":"product_tag-bulasik-makinesi","10":"first","11":"instock","12":"taxable","13":"shipping-taxable","14":"purchasable","15":"product-type-simple"},"_links":{"self":[{"href":"https:\/\/oztunadtm.com\/index.php\/wp-json\/wp\/v2\/product\/7604","targetHints":{"allow":["GET"]}}],"collection":[{"href":"https:\/\/oztunadtm.com\/index.php\/wp-json\/wp\/v2\/product"}],"about":[{"href":"https:\/\/oztunadtm.com\/index.php\/wp-json\/wp\/v2\/types\/product"}],"replies":[{"embeddable":true,"href":"https:\/\/oztunadtm.com\/index.php\/wp-json\/wp\/v2\/comments?post=7604"}],"wp:featuredmedia":[{"embeddable":true,"href":"https:\/\/oztunadtm.com\/index.php\/wp-json\/wp\/v2\/media\/7609"}],"wp:attachment":[{"href":"https:\/\/oztunadtm.com\/index.php\/wp-json\/wp\/v2\/media?parent=7604"}],"wp:term":[{"taxonomy":"product_brand","embeddable":true,"href":"https:\/\/oztunadtm.com\/index.php\/wp-json\/wp\/v2\/product_brand?post=7604"},{"taxonomy":"product_cat","embeddable":true,"href":"https:\/\/oztunadtm.com\/index.php\/wp-json\/wp\/v2\/product_cat?post=7604"},{"taxonomy":"product_tag","embeddable":true,"href":"https:\/\/oztunadtm.com\/index.php\/wp-json\/wp\/v2\/product_tag?post=7604"}],"curies":[{"name":"wp","href":"https:\/\/api.w.org\/{rel}","templated":true}]}}