{"id":7590,"date":"2022-10-18T21:47:12","date_gmt":"2022-10-18T18:47:12","guid":{"rendered":"https:\/\/oztunadtm.com\/?post_type=product&#038;p=7590"},"modified":"2024-01-15T13:51:38","modified_gmt":"2024-01-15T10:51:38","slug":"serie-2-tam-ankastre-bulasik-makinesi","status":"publish","type":"product","link":"https:\/\/oztunadtm.com\/index.php\/urun\/serie-2-tam-ankastre-bulasik-makinesi\/","title":{"rendered":"Serie 2 Tam Ankastre Bula\u015f\u0131k Makinesi"},"content":{"rendered":"<p>[vc_row][vc_column width=&#8221;1\/2&#8243;][vc_column_text woodmart_inline=&#8221;no&#8221; text_larger=&#8221;no&#8221;]<\/p>\n<p class=\"technical-info-item-heading js-search-text\"><strong>\u00dcr\u00fcn Tipi<\/strong><br \/>\nAnkastre<\/p>\n<p class=\"technical-info-item-heading js-search-text\"><strong>Renk<\/strong><br \/>\nHay\u0131r<\/p>\n<p class=\"technical-info-item-heading js-search-text\"><strong>\u00c7\u0131kart\u0131labilir kapak<\/strong><br \/>\nHay\u0131r<\/p>\n<p class=\"technical-info-item-heading js-search-text\"><strong>VarioHinge<\/strong><br \/>\nHay\u0131r<\/p>\n<p class=\"technical-info-item-heading js-search-text\"><strong>Temizlik performans endeksi<\/strong><br \/>\n1,121<\/p>\n<p class=\"technical-info-item-heading js-search-text\"><strong>Ses seviyesi<\/strong><br \/>\n48 dB(A) re 1 pW<\/p>\n<p class=\"technical-info-item-heading js-search-text\"><strong>Enerji verimlilik endeksi<\/strong><br \/>\n50,0<\/p>\n<p class=\"technical-info-item-heading js-search-text\"><strong>Program s\u00fcresi<\/strong><br \/>\n4:55 h<\/p>\n<p class=\"technical-info-item-heading js-search-text\"><strong>Kapasite<\/strong><br \/>\n13<\/p>\n<p class=\"technical-info-item-heading js-search-text\"><strong>Programlar<\/strong><br \/>\nEko, H\u0131zl\u0131, \u00d6n Y\u0131kama, Yo\u011fun<\/p>\n<aside class=\"m-popover \" tabindex=\"0\" role=\"dialog\" aria-modal=\"true\" aria-labelledby=\"dialog-label\" aria-describedby=\"dialog-desc\" data-t-name=\"Popover\" data-id=\"technical-item-15910053\" data-position=\"top\" data-t-id=\"149\">\n<div class=\"popover-content\">\n<p><strong>AquaStop*<br \/>\n<\/strong>Evet<strong><br \/>\n<\/strong><\/p>\n<blockquote><p>*Bosch AquaStop garantisi, cihaz\u0131n kullan\u0131m \u00f6mr\u00fc boyunca su hasar\u0131na kar\u015f\u0131 en iyi korumay\u0131 sunar.<\/p><\/blockquote>\n<p class=\"technical-info-item-heading js-search-text\"><strong>3. \u00e7ekmece<\/strong><br \/>\nYok<\/p>\n<p class=\"technical-info-item-heading js-search-text\"><strong>Entegre aksesuarlar 2<\/strong><br \/>\nBuhar korumas\u0131<\/p>\n<\/div>\n<\/aside>\n<p>[\/vc_column_text][\/vc_column][vc_column width=&#8221;1\/2&#8243;][vc_column_text woodmart_inline=&#8221;no&#8221; text_larger=&#8221;no&#8221;]<\/p>\n<div class=\"technical-info-item js-technical-info-item\">\n<p class=\"technical-info-item-heading js-search-text\"><strong>Montaj tipi<br \/>\n<\/strong>Tam Entegre<\/p>\n<\/div>\n<div class=\"technical-info-item js-technical-info-item\">\n<p class=\"technical-info-item-content js-search-text\"><strong>Kontrol Panel Rengi<\/strong><br \/>\nSiyah<\/p>\n<p class=\"technical-info-item-content js-search-text\"><strong>Kap\u0131 panel se\u00e7enekleri<br \/>\n<\/strong>Yok<\/p>\n<p class=\"technical-info-item-content js-search-text\"><strong>Ayarlanabilir taban<\/strong><br \/>\nYatay ve dikey<\/p>\n<p class=\"technical-info-item-content js-search-text\"><strong>Kurutma performans endeksi<br \/>\n<\/strong>1,061<\/p>\n<p class=\"technical-info-item-content js-search-text\"><strong>Ses seviyesi s\u0131n\u0131f\u0131<br \/>\n<\/strong>C<\/p>\n<p class=\"technical-info-item-content js-search-text\"><strong>Eko 50 program\u0131nda su t\u00fcketimi<br \/>\n<\/strong>9,5 litre<\/p>\n<p class=\"technical-info-item-content js-search-text\"><strong>Eko program\u0131 100 devirdeki enerji t\u00fcketimi<br \/>\n<\/strong>84 kWh<\/p>\n<p class=\"technical-info-item-content js-search-text\"><strong>Bekleme modunda g\u00fc\u00e7 t\u00fcketimi<br \/>\n<\/strong>0,10 W<\/p>\n<p class=\"technical-info-item-content js-search-text\"><strong>Ek fonksiyonlar<br \/>\n<\/strong>VarioSpeed, Yar\u0131m Y\u00fck<\/p>\n<p class=\"technical-info-item-content js-search-text\"><strong>Kurutma sistemi<br \/>\n<\/strong>Kendi s\u0131cakl\u0131\u011f\u0131 ile<\/p>\n<p class=\"technical-info-item-content js-search-text\"><strong>Rackmatic<br \/>\n<\/strong>Hay\u0131r<\/p>\n<\/div>\n<p><span style=\"vertical-align: inherit;\"><span style=\"vertical-align: inherit;\">[\/vc_column_text][\/vc_column][\/vc_row]<\/span><\/span><\/p>\n","protected":false},"excerpt":{"rendered":"<ul>\n<li><span class=\"highlight copi-link\" data-popover-id=\"copi-popover-id-0\" data-eventtracking=\"{&quot;trackType&quot;:&quot;feature story popover opened&quot;, &quot;eventType&quot;:&quot;click&quot;}\">ActiveWater\u2122 Ak\u0131ll\u0131 Su Y\u00f6netim Sistemi:<\/span> Daha az su, daha az enerji, daha \u00e7ok performans.<br \/>\n<aside class=\"m-popover \" tabindex=\"0\" role=\"dialog\" aria-modal=\"true\" aria-labelledby=\"dialog-label\" aria-describedby=\"dialog-desc\" data-t-name=\"Popover\" data-id=\"copi-popover-id-0\" data-position=\"top\" data-t-id=\"141\"><\/aside>\n<\/li>\n<li>\u00a0EcoSilence Drive fonksiyonlu bula\u015f\u0131k makinesinde d\u00fc\u015f\u00fck g\u00fcr\u00fclt\u00fcl\u00fc emisyon ile y\u00fcksek performansl\u0131 temizlik sa\u011flan\u0131r.<\/li>\n<li>\u00a0<span class=\"highlight copi-link\" data-popover-id=\"copi-popover-id-2\" data-eventtracking=\"{&quot;trackType&quot;:&quot;feature story popover opened&quot;, &quot;eventType&quot;:&quot;click&quot;}\">10 Y\u0131l Garanti:<\/span> \u0130\u00e7 y\u00fczeyin paslanmas\u0131na kar\u015f\u0131 kalite s\u00f6z\u00fcm\u00fcz.<\/li>\n<li>\u00a0<span class=\"highlight copi-link\" data-layer-id=\"copi-layer-id-3\" data-eventtracking=\"{&quot;trackType&quot;:&quot;feature story popover opened&quot;, &quot;eventType&quot;:&quot;click&quot;}\">DosageAssist:<\/span>\u00a0Her y\u0131kamada tablet deterjanlardan maksimum verim sa\u011flay\u0131n.<\/li>\n<\/ul>\n","protected":false},"featured_media":7593,"comment_status":"open","ping_status":"closed","template":"","meta":[],"product_brand":[],"product_cat":[88],"product_tag":[149,150],"class_list":{"0":"post-7590","1":"product","2":"type-product","3":"status-publish","4":"has-post-thumbnail","6":"product_cat-bulasik-makineleri","7":"product_tag-bosch","8":"product_tag-bulasik-makinesi","10":"first","11":"instock","12":"taxable","13":"shipping-taxable","14":"purchasable","15":"product-type-simple"},"_links":{"self":[{"href":"https:\/\/oztunadtm.com\/index.php\/wp-json\/wp\/v2\/product\/7590","targetHints":{"allow":["GET"]}}],"collection":[{"href":"https:\/\/oztunadtm.com\/index.php\/wp-json\/wp\/v2\/product"}],"about":[{"href":"https:\/\/oztunadtm.com\/index.php\/wp-json\/wp\/v2\/types\/product"}],"replies":[{"embeddable":true,"href":"https:\/\/oztunadtm.com\/index.php\/wp-json\/wp\/v2\/comments?post=7590"}],"wp:featuredmedia":[{"embeddable":true,"href":"https:\/\/oztunadtm.com\/index.php\/wp-json\/wp\/v2\/media\/7593"}],"wp:attachment":[{"href":"https:\/\/oztunadtm.com\/index.php\/wp-json\/wp\/v2\/media?parent=7590"}],"wp:term":[{"taxonomy":"product_brand","embeddable":true,"href":"https:\/\/oztunadtm.com\/index.php\/wp-json\/wp\/v2\/product_brand?post=7590"},{"taxonomy":"product_cat","embeddable":true,"href":"https:\/\/oztunadtm.com\/index.php\/wp-json\/wp\/v2\/product_cat?post=7590"},{"taxonomy":"product_tag","embeddable":true,"href":"https:\/\/oztunadtm.com\/index.php\/wp-json\/wp\/v2\/product_tag?post=7590"}],"curies":[{"name":"wp","href":"https:\/\/api.w.org\/{rel}","templated":true}]}}